{"id":1395,"date":"2023-07-17T17:31:04","date_gmt":"2023-07-17T15:31:04","guid":{"rendered":"https:\/\/wp2022.tus59-hammstars.de\/?page_id=1395"},"modified":"2024-08-27T21:33:05","modified_gmt":"2024-08-27T19:33:05","slug":"u16-maennlich","status":"publish","type":"page","link":"https:\/\/wp2022.tus59-hammstars.de\/?page_id=1395","title":{"rendered":"U16 m\u00e4nnlich"},"content":{"rendered":"\n<p>Das Team der U 16 der TuS59 HammStars bilden die Jahrg\u00e4ngen 2009 und 2010. Das Training f\u00fcr die Jungen findet 2 x Woche regelm\u00e4\u00dfig statt und ist zunehmend komplexer und anspruchsvoller. Zudem nimmt unsere U 16 am Spielbetrieb auf Kreisebene oder Verbandsebene teil, um sich mit gleichaltrigen Jugendlichen zu messen. Ausgerichtet ist das Training auf der Basis des Trainings unserer U 14, aber auch leistungsbereiten Anf\u00e4ngern wird der Einstieg in dieser Altersklasse erm\u00f6glicht. In leistungsgerechten Gruppen werden die Kinder entsprechend ihrem Leistungsverm\u00f6gen bestm\u00f6glich gef\u00f6rdert.<\/p>\n\n\n\n<p>Die Schwerpunkte des Trainings liegen in der Vertiefung und Weiterentwicklung des Erlernten aus dem Training der U 14 in den Wettkampf. Das Athletiktraining und der Einstieg in das Krafttraining r\u00fccken zunehmend in den Vordergrund. Spielverst\u00e4ndnis, technische und taktische Details werden in Theorie und Praxis vermittelt und entwickelt. Aber auch die Entwicklung von Ernsthaftigkeit, Leistungswillen und Freude am Basketball im Team sind weitere wichtige Faktoren in der U 16.<\/p>\n\n\n\n<p>Im Lauf der Saison werden die Intensit\u00e4t und die Trainingsinhalte auf die Leistungsst\u00e4rke der Kinder angepasst, um so eine Leistungssteigerung im Team und individuell zu erreichen. F\u00fcr sehr leistungsstarke und ambitionierte Spieler- und Spielerinnen wird eine zus\u00e4tzliche Individualf\u00f6rderung in Abstimmung mit den Eltern und den Trainern angeboten.<\/p>\n\n\n\n<p><strong>Trainingszeiten:<\/strong><br>dienstags 18.00 Uhr \u2013 20.00 Uhr \u2013 Sporthalle am Friedrich-List Berufskolleg<br>donnerstags 18.30 Uhr \u2013 20.00 Uhr \u2013 Sporthalle M\u00e4rkisches Gymnasium<\/p>\n\n\n\n<p><strong>Kontakt: <\/strong><a href=\"mailto:U10@tus59-hammstars.de\">U16@tus59-hammstars.de<\/a><\/p>\n","protected":false},"excerpt":{"rendered":"<p>Das Team der U 16 der TuS59 HammStars bilden die Jahrg\u00e4ngen 2009 und 2010. Das [&hellip;]<\/p>\n","protected":false},"author":1,"featured_media":0,"parent":83,"menu_order":4,"comment_status":"closed","ping_status":"closed","template":"","meta":{"_EventAllDay":false,"_EventTimezone":"","_EventStartDate":"","_EventEndDate":"","_EventStartDateUTC":"","_EventEndDateUTC":"","_EventShowMap":false,"_EventShowMapLink":false,"_EventURL":"","_EventCost":"","_EventCostDescription":"","_EventCurrencySymbol":"","_EventCurrencyCode":"","_EventCurrencyPosition":"","_EventDateTimeSeparator":"","_EventTimeRangeSeparator":"","_EventOrganizerID":[],"_EventVenueID":[],"_OrganizerEmail":"","_OrganizerPhone":"","_OrganizerWebsite":"","_VenueAddress":"","_VenueCity":"","_VenueCountry":"","_VenueProvince":"","_VenueState":"","_VenueZip":"","_VenuePhone":"","_VenueURL":"","_VenueStateProvince":"","_VenueLat":"","_VenueLng":"","_VenueShowMap":false,"_VenueShowMapLink":false,"footnotes":""},"class_list":["post-1395","page","type-page","status-publish","hentry"],"jetpack_sharing_enabled":true,"_links":{"self":[{"href":"https:\/\/wp2022.tus59-hammstars.de\/index.php?rest_route=\/wp\/v2\/pages\/1395","targetHints":{"allow":["GET"]}}],"collection":[{"href":"https:\/\/wp2022.tus59-hammstars.de\/index.php?rest_route=\/wp\/v2\/pages"}],"about":[{"href":"https:\/\/wp2022.tus59-hammstars.de\/index.php?rest_route=\/wp\/v2\/types\/page"}],"author":[{"embeddable":true,"href":"https:\/\/wp2022.tus59-hammstars.de\/index.php?rest_route=\/wp\/v2\/users\/1"}],"replies":[{"embeddable":true,"href":"https:\/\/wp2022.tus59-hammstars.de\/index.php?rest_route=%2Fwp%2Fv2%2Fcomments&post=1395"}],"version-history":[{"count":6,"href":"https:\/\/wp2022.tus59-hammstars.de\/index.php?rest_route=\/wp\/v2\/pages\/1395\/revisions"}],"predecessor-version":[{"id":2526,"href":"https:\/\/wp2022.tus59-hammstars.de\/index.php?rest_route=\/wp\/v2\/pages\/1395\/revisions\/2526"}],"up":[{"embeddable":true,"href":"https:\/\/wp2022.tus59-hammstars.de\/index.php?rest_route=\/wp\/v2\/pages\/83"}],"wp:attachment":[{"href":"https:\/\/wp2022.tus59-hammstars.de\/index.php?rest_route=%2Fwp%2Fv2%2Fmedia&parent=1395"}],"curies":[{"name":"wp","href":"https:\/\/api.w.org\/{rel}","templated":true}]}}