{"id":1386,"date":"2023-07-17T17:28:59","date_gmt":"2023-07-17T15:28:59","guid":{"rendered":"https:\/\/wp2022.tus59-hammstars.de\/?page_id=1386"},"modified":"2025-09-05T22:29:06","modified_gmt":"2025-09-05T20:29:06","slug":"u10-offen","status":"publish","type":"page","link":"https:\/\/wp2022.tus59-hammstars.de\/?page_id=1386","title":{"rendered":"U10 offen"},"content":{"rendered":"\n<p>Das j\u00fcngste Team der TuS59 HammStars bildet unsere U 10 mit den Jahrg\u00e4ngen 2016 und j\u00fcnger. Das Training f\u00fcr die Jungen und M\u00e4dchen findet 2 x Woche regelm\u00e4\u00dfig in der Sporthalle des M\u00e4rkischen Gymnasiums statt. Zudem nimmt unsere U 10 auf Kreisebene am Spielbetrieb teil, um sich mit gleichaltrigen Kindern zu messen. Das Training ist ausgerichtet auf unsere j\u00fcngsten Sch\u00fctzlinge und soll insbesondere die Freude an der Bewegung wecken bzw. f\u00f6rdern.<\/p>\n\n\n\n<p>Die Schwerpunkte des Trainings liegen in der Ballgew\u00f6hnung, der Vermittlung von ersten basketballspezifischen Grundlagen und den Grundregeln f\u00fcr die Aufteilung und die Bewegung auf dem Spielfeld. Mit viel Spa\u00df und Freude werden diese Inhalte in unterschiedlichen \u00dcbungen und Spielen an die Kinder vermittelt, bei denen der Basketball regelm\u00e4\u00dfig im Mittelpunkt steht. Durch vereinfachte Regeln, niedrige K\u00f6rbe und spezielle Basketb\u00e4lle wird den Kindern der Einstieg in den Basketballsport erleichtert.<\/p>\n\n\n\n<p>Im Lauf der Saison werden die Intensit\u00e4t und die Trainingsinhalte auf die Leistungsst\u00e4rke der Kinder angepasst, um so eine Leistungssteigerung im Team und individuell zu erreichen.<\/p>\n\n\n\n<p><strong>Trainingszeiten:<\/strong><br>montags 17.00 Uhr &#8211; 18.30 Uhr &#8211; Sporthalle M\u00e4rkische Gymnasium Hamm<br>donnerstags 17.00 Uhr &#8211; 18.30 Uhr &#8211; Sporthalle M\u00e4rkische Gymnasium Hamm<\/p>\n\n\n\n<p><strong>Kontakt: <\/strong><a href=\"mailto:U10@tus59-hammstars.de\">U10@tus59-hammstars.de<\/a><\/p>\n","protected":false},"excerpt":{"rendered":"<p>Das j\u00fcngste Team der TuS59 HammStars bildet unsere U 10 mit den Jahrg\u00e4ngen 2016 und [&hellip;]<\/p>\n","protected":false},"author":1,"featured_media":0,"parent":83,"menu_order":8,"comment_status":"closed","ping_status":"closed","template":"","meta":{"_EventAllDay":false,"_EventTimezone":"","_EventStartDate":"","_EventEndDate":"","_EventStartDateUTC":"","_EventEndDateUTC":"","_EventShowMap":false,"_EventShowMapLink":false,"_EventURL":"","_EventCost":"","_EventCostDescription":"","_EventCurrencySymbol":"","_EventCurrencyCode":"","_EventCurrencyPosition":"","_EventDateTimeSeparator":"","_EventTimeRangeSeparator":"","_EventOrganizerID":[],"_EventVenueID":[],"_OrganizerEmail":"","_OrganizerPhone":"","_OrganizerWebsite":"","_VenueAddress":"","_VenueCity":"","_VenueCountry":"","_VenueProvince":"","_VenueState":"","_VenueZip":"","_VenuePhone":"","_VenueURL":"","_VenueStateProvince":"","_VenueLat":"","_VenueLng":"","_VenueShowMap":false,"_VenueShowMapLink":false,"footnotes":""},"class_list":["post-1386","page","type-page","status-publish","hentry"],"jetpack_sharing_enabled":true,"_links":{"self":[{"href":"https:\/\/wp2022.tus59-hammstars.de\/index.php?rest_route=\/wp\/v2\/pages\/1386","targetHints":{"allow":["GET"]}}],"collection":[{"href":"https:\/\/wp2022.tus59-hammstars.de\/index.php?rest_route=\/wp\/v2\/pages"}],"about":[{"href":"https:\/\/wp2022.tus59-hammstars.de\/index.php?rest_route=\/wp\/v2\/types\/page"}],"author":[{"embeddable":true,"href":"https:\/\/wp2022.tus59-hammstars.de\/index.php?rest_route=\/wp\/v2\/users\/1"}],"replies":[{"embeddable":true,"href":"https:\/\/wp2022.tus59-hammstars.de\/index.php?rest_route=%2Fwp%2Fv2%2Fcomments&post=1386"}],"version-history":[{"count":9,"href":"https:\/\/wp2022.tus59-hammstars.de\/index.php?rest_route=\/wp\/v2\/pages\/1386\/revisions"}],"predecessor-version":[{"id":3290,"href":"https:\/\/wp2022.tus59-hammstars.de\/index.php?rest_route=\/wp\/v2\/pages\/1386\/revisions\/3290"}],"up":[{"embeddable":true,"href":"https:\/\/wp2022.tus59-hammstars.de\/index.php?rest_route=\/wp\/v2\/pages\/83"}],"wp:attachment":[{"href":"https:\/\/wp2022.tus59-hammstars.de\/index.php?rest_route=%2Fwp%2Fv2%2Fmedia&parent=1386"}],"curies":[{"name":"wp","href":"https:\/\/api.w.org\/{rel}","templated":true}]}}